{"id":768,"date":"2020-12-22T11:33:51","date_gmt":"2020-12-22T10:33:51","guid":{"rendered":"https:\/\/www.cosmosverlag.ch\/belletristik\/?post_type=product&#038;p=768"},"modified":"2021-05-13T14:09:59","modified_gmt":"2021-05-13T12:09:59","slug":"nur-die-allergroessten-kaelber-waehlen-ihren-metzger-selber","status":"publish","type":"product","link":"https:\/\/www.cosmosverlag.ch\/belletristik\/produkt\/nur-die-allergroessten-kaelber-waehlen-ihren-metzger-selber\/","title":{"rendered":"Nur die allergr\u00f6ssten K\u00e4lber w\u00e4hlen ihren Metzger selber"},"content":{"rendered":"<p>Seine beiden Bestseller &laquo;Blas mer i d Schue&raquo; und &laquo;Mir stinkts&raquo; sind l&auml;ngst zu Longsellern geworden. Jetzt taucht Christian Schmid erneut tief in den W&ouml;rtersee. Um unsere Tiere in der Sprache geht es dieses Mal. Bunter Hund. Hornochs. Alpenkalb. Ich glaub, mich tritt ein Pferd. Da mues ja nes Ross lache. Ist die Katze aus dem Haus, tanzen die M&auml;use auf dem Tisch. Es Gsicht mache wi ne Chatz, wes donneret.<\/p><p>Christian Schmid besch&auml;ftigt sich in diesem Buch mit W&ouml;rtern und Redensarten, erz&auml;hlt, wie und seit wann man sie in &uuml;bertragener Bedeutung braucht und woher sie kommen. Zum Beispiel die Redensart &laquo;Nur die allergr&ouml;ssten K&auml;lber w&auml;hlen ihren Metzger selber&raquo;. Die stammt, wie Christian Schmid belegt, urspr&uuml;nglich nicht von Bertolt Brecht (wie oft behauptet wird), sondern von Christian Wiedmer, im Jahr 1850 Redaktor des &laquo;Emmenthaler Wochenblatts&raquo;. Weshalb der Mann f&uuml;r diesen Satz vier Tage ins Gef&auml;ngnis musste, steht auch in diesem Buch.<\/p><p>&nbsp;<\/p>\n","protected":false},"excerpt":{"rendered":"<p>Seine beiden Bestseller &laquo;Blas mer i d Schue&raquo; und &laquo;Mir stinkts&raquo; sind l&auml;ngst zu Longsellern geworden. Jetzt taucht Christian Schmid erneut tief in den W&ouml;rtersee. Um unsere Tiere in der Sprache geht es dieses Mal. Bunter Hund. Hornochs. Alpenkalb. Ich glaub, mich tritt ein Pferd. Da mues ja nes Ross lache. Ist die Katze aus dem Haus, tanzen die M&auml;use auf dem Tisch. Es Gsicht mache wi ne Chatz, wes donneret.Christian Schmid besch&auml;ftigt sich in diesem Buch&hellip;<\/p>\n","protected":false},"featured_media":769,"template":"","meta":{"_acf_changed":false},"product_brand":[],"product_cat":[16,18],"product_tag":[],"class_list":{"0":"post-768","1":"product","2":"type-product","3":"status-publish","4":"has-post-thumbnail","6":"product_cat-literatur","7":"product_cat-sachbuch","9":"first","10":"instock","11":"taxable","12":"shipping-taxable","13":"purchasable","14":"product-type-simple"},"acf":[],"yoast_head":"<!-- This site is optimized with the Yoast SEO plugin v27.4 - https:\/\/yoast.com\/product\/yoast-seo-wordpress\/ -->\n<title>Nur die allergr\u00f6ssten K\u00e4lber w\u00e4hlen ihren Metzger selber - Cosmos Verlag - Belletristik<\/title>\n<meta name=\"robots\" content=\"index, follow, max-snippet:-1, max-image-preview:large, max-video-preview:-1\" \/>\n<link rel=\"canonical\" href=\"https:\/\/www.cosmosverlag.ch\/belletristik\/produkt\/nur-die-allergroessten-kaelber-waehlen-ihren-metzger-selber\/\" \/>\n<meta property=\"og:locale\" content=\"de_DE\" \/>\n<meta property=\"og:type\" content=\"article\" \/>\n<meta property=\"og:title\" content=\"Nur die allergr\u00f6ssten K\u00e4lber w\u00e4hlen ihren Metzger selber - Cosmos Verlag - Belletristik\" \/>\n<meta property=\"og:description\" content=\"Seine beiden Bestseller &laquo;Blas mer i d Schue&raquo; und &laquo;Mir stinkts&raquo; sind l&auml;ngst zu Longsellern geworden. Jetzt taucht Christian Schmid erneut tief in den W&ouml;rtersee. Um unsere Tiere in der Sprache geht es dieses Mal. Bunter Hund. Hornochs. Alpenkalb. Ich glaub, mich tritt ein Pferd. Da mues ja nes Ross lache. Ist die Katze aus dem Haus, tanzen die M&auml;use auf dem Tisch. Es Gsicht mache wi ne Chatz, wes donneret.Christian Schmid besch&auml;ftigt sich in diesem Buch&hellip;\" \/>\n<meta property=\"og:url\" content=\"https:\/\/www.cosmosverlag.ch\/belletristik\/produkt\/nur-die-allergroessten-kaelber-waehlen-ihren-metzger-selber\/\" \/>\n<meta property=\"og:site_name\" content=\"Cosmos Verlag - Belletristik\" \/>\n<meta property=\"article:modified_time\" content=\"2021-05-13T12:09:59+00:00\" \/>\n<meta property=\"og:image\" content=\"https:\/\/www.cosmosverlag.ch\/belletristik\/wp-content\/uploads\/sites\/3\/2020\/12\/Nur-die-allergroessten-Kaelber.jpg\" \/>\n\t<meta property=\"og:image:width\" content=\"1535\" \/>\n\t<meta property=\"og:image:height\" content=\"2362\" \/>\n\t<meta property=\"og:image:type\" content=\"image\/jpeg\" \/>\n<meta name=\"twitter:card\" content=\"summary_large_image\" \/>\n<meta name=\"twitter:label1\" content=\"Gesch\u00e4tzte Lesezeit\" \/>\n\t<meta name=\"twitter:data1\" content=\"1\u00a0Minute\" \/>\n<script type=\"application\/ld+json\" class=\"yoast-schema-graph\">{\"@context\":\"https:\\\/\\\/schema.org\",\"@graph\":[{\"@type\":\"WebPage\",\"@id\":\"https:\\\/\\\/www.cosmosverlag.ch\\\/belletristik\\\/produkt\\\/nur-die-allergroessten-kaelber-waehlen-ihren-metzger-selber\\\/\",\"url\":\"https:\\\/\\\/www.cosmosverlag.ch\\\/belletristik\\\/produkt\\\/nur-die-allergroessten-kaelber-waehlen-ihren-metzger-selber\\\/\",\"name\":\"Nur die allergr\u00f6ssten K\u00e4lber w\u00e4hlen ihren Metzger selber - Cosmos Verlag - Belletristik\",\"isPartOf\":{\"@id\":\"https:\\\/\\\/www.cosmosverlag.ch\\\/belletristik\\\/#website\"},\"primaryImageOfPage\":{\"@id\":\"https:\\\/\\\/www.cosmosverlag.ch\\\/belletristik\\\/produkt\\\/nur-die-allergroessten-kaelber-waehlen-ihren-metzger-selber\\\/#primaryimage\"},\"image\":{\"@id\":\"https:\\\/\\\/www.cosmosverlag.ch\\\/belletristik\\\/produkt\\\/nur-die-allergroessten-kaelber-waehlen-ihren-metzger-selber\\\/#primaryimage\"},\"thumbnailUrl\":\"https:\\\/\\\/www.cosmosverlag.ch\\\/belletristik\\\/wp-content\\\/uploads\\\/sites\\\/3\\\/2020\\\/12\\\/Nur-die-allergroessten-Kaelber.jpg\",\"datePublished\":\"2020-12-22T10:33:51+00:00\",\"dateModified\":\"2021-05-13T12:09:59+00:00\",\"breadcrumb\":{\"@id\":\"https:\\\/\\\/www.cosmosverlag.ch\\\/belletristik\\\/produkt\\\/nur-die-allergroessten-kaelber-waehlen-ihren-metzger-selber\\\/#breadcrumb\"},\"inLanguage\":\"de-CH\",\"potentialAction\":[{\"@type\":\"ReadAction\",\"target\":[\"https:\\\/\\\/www.cosmosverlag.ch\\\/belletristik\\\/produkt\\\/nur-die-allergroessten-kaelber-waehlen-ihren-metzger-selber\\\/\"]}]},{\"@type\":\"ImageObject\",\"inLanguage\":\"de-CH\",\"@id\":\"https:\\\/\\\/www.cosmosverlag.ch\\\/belletristik\\\/produkt\\\/nur-die-allergroessten-kaelber-waehlen-ihren-metzger-selber\\\/#primaryimage\",\"url\":\"https:\\\/\\\/www.cosmosverlag.ch\\\/belletristik\\\/wp-content\\\/uploads\\\/sites\\\/3\\\/2020\\\/12\\\/Nur-die-allergroessten-Kaelber.jpg\",\"contentUrl\":\"https:\\\/\\\/www.cosmosverlag.ch\\\/belletristik\\\/wp-content\\\/uploads\\\/sites\\\/3\\\/2020\\\/12\\\/Nur-die-allergroessten-Kaelber.jpg\",\"width\":1535,\"height\":2362},{\"@type\":\"BreadcrumbList\",\"@id\":\"https:\\\/\\\/www.cosmosverlag.ch\\\/belletristik\\\/produkt\\\/nur-die-allergroessten-kaelber-waehlen-ihren-metzger-selber\\\/#breadcrumb\",\"itemListElement\":[{\"@type\":\"ListItem\",\"position\":1,\"name\":\"Startseite\",\"item\":\"https:\\\/\\\/www.cosmosverlag.ch\\\/belletristik\\\/\"},{\"@type\":\"ListItem\",\"position\":2,\"name\":\"Alle Produkte\",\"item\":\"https:\\\/\\\/www.cosmosverlag.ch\\\/belletristik\\\/produkte\\\/\"},{\"@type\":\"ListItem\",\"position\":3,\"name\":\"Nur die allergr\u00f6ssten K\u00e4lber w\u00e4hlen ihren Metzger selber\"}]},{\"@type\":\"WebSite\",\"@id\":\"https:\\\/\\\/www.cosmosverlag.ch\\\/belletristik\\\/#website\",\"url\":\"https:\\\/\\\/www.cosmosverlag.ch\\\/belletristik\\\/\",\"name\":\"Cosmos Verlag - Belletristik\",\"description\":\"Literatur, Krimis, Mundart, Sachbuch\",\"publisher\":{\"@id\":\"https:\\\/\\\/www.cosmosverlag.ch\\\/belletristik\\\/#organization\"},\"potentialAction\":[{\"@type\":\"SearchAction\",\"target\":{\"@type\":\"EntryPoint\",\"urlTemplate\":\"https:\\\/\\\/www.cosmosverlag.ch\\\/belletristik\\\/?s={search_term_string}\"},\"query-input\":{\"@type\":\"PropertyValueSpecification\",\"valueRequired\":true,\"valueName\":\"search_term_string\"}}],\"inLanguage\":\"de-CH\"},{\"@type\":\"Organization\",\"@id\":\"https:\\\/\\\/www.cosmosverlag.ch\\\/belletristik\\\/#organization\",\"name\":\"Cosmos Verlag - Belletristik\",\"url\":\"https:\\\/\\\/www.cosmosverlag.ch\\\/belletristik\\\/\",\"logo\":{\"@type\":\"ImageObject\",\"inLanguage\":\"de-CH\",\"@id\":\"https:\\\/\\\/www.cosmosverlag.ch\\\/belletristik\\\/#\\\/schema\\\/logo\\\/image\\\/\",\"url\":\"https:\\\/\\\/www.cosmosverlag.ch\\\/belletristik\\\/wp-content\\\/uploads\\\/sites\\\/3\\\/2020\\\/07\\\/cosmos_c-strich_h_negativ_bunt.svg\",\"contentUrl\":\"https:\\\/\\\/www.cosmosverlag.ch\\\/belletristik\\\/wp-content\\\/uploads\\\/sites\\\/3\\\/2020\\\/07\\\/cosmos_c-strich_h_negativ_bunt.svg\",\"width\":191,\"height\":44,\"caption\":\"Cosmos Verlag - Belletristik\"},\"image\":{\"@id\":\"https:\\\/\\\/www.cosmosverlag.ch\\\/belletristik\\\/#\\\/schema\\\/logo\\\/image\\\/\"}}]}<\/script>\n<!-- \/ Yoast SEO plugin. -->","yoast_head_json":{"title":"Nur die allergr\u00f6ssten K\u00e4lber w\u00e4hlen ihren Metzger selber - Cosmos Verlag - Belletristik","robots":{"index":"index","follow":"follow","max-snippet":"max-snippet:-1","max-image-preview":"max-image-preview:large","max-video-preview":"max-video-preview:-1"},"canonical":"https:\/\/www.cosmosverlag.ch\/belletristik\/produkt\/nur-die-allergroessten-kaelber-waehlen-ihren-metzger-selber\/","og_locale":"de_DE","og_type":"article","og_title":"Nur die allergr\u00f6ssten K\u00e4lber w\u00e4hlen ihren Metzger selber - Cosmos Verlag - Belletristik","og_description":"Seine beiden Bestseller &laquo;Blas mer i d Schue&raquo; und &laquo;Mir stinkts&raquo; sind l&auml;ngst zu Longsellern geworden. Jetzt taucht Christian Schmid erneut tief in den W&ouml;rtersee. Um unsere Tiere in der Sprache geht es dieses Mal. Bunter Hund. Hornochs. Alpenkalb. Ich glaub, mich tritt ein Pferd. Da mues ja nes Ross lache. Ist die Katze aus dem Haus, tanzen die M&auml;use auf dem Tisch. Es Gsicht mache wi ne Chatz, wes donneret.Christian Schmid besch&auml;ftigt sich in diesem Buch&hellip;","og_url":"https:\/\/www.cosmosverlag.ch\/belletristik\/produkt\/nur-die-allergroessten-kaelber-waehlen-ihren-metzger-selber\/","og_site_name":"Cosmos Verlag - Belletristik","article_modified_time":"2021-05-13T12:09:59+00:00","og_image":[{"width":1535,"height":2362,"url":"https:\/\/www.cosmosverlag.ch\/belletristik\/wp-content\/uploads\/sites\/3\/2020\/12\/Nur-die-allergroessten-Kaelber.jpg","type":"image\/jpeg"}],"twitter_card":"summary_large_image","twitter_misc":{"Gesch\u00e4tzte Lesezeit":"1\u00a0Minute"},"schema":{"@context":"https:\/\/schema.org","@graph":[{"@type":"WebPage","@id":"https:\/\/www.cosmosverlag.ch\/belletristik\/produkt\/nur-die-allergroessten-kaelber-waehlen-ihren-metzger-selber\/","url":"https:\/\/www.cosmosverlag.ch\/belletristik\/produkt\/nur-die-allergroessten-kaelber-waehlen-ihren-metzger-selber\/","name":"Nur die allergr\u00f6ssten K\u00e4lber w\u00e4hlen ihren Metzger selber - Cosmos Verlag - Belletristik","isPartOf":{"@id":"https:\/\/www.cosmosverlag.ch\/belletristik\/#website"},"primaryImageOfPage":{"@id":"https:\/\/www.cosmosverlag.ch\/belletristik\/produkt\/nur-die-allergroessten-kaelber-waehlen-ihren-metzger-selber\/#primaryimage"},"image":{"@id":"https:\/\/www.cosmosverlag.ch\/belletristik\/produkt\/nur-die-allergroessten-kaelber-waehlen-ihren-metzger-selber\/#primaryimage"},"thumbnailUrl":"https:\/\/www.cosmosverlag.ch\/belletristik\/wp-content\/uploads\/sites\/3\/2020\/12\/Nur-die-allergroessten-Kaelber.jpg","datePublished":"2020-12-22T10:33:51+00:00","dateModified":"2021-05-13T12:09:59+00:00","breadcrumb":{"@id":"https:\/\/www.cosmosverlag.ch\/belletristik\/produkt\/nur-die-allergroessten-kaelber-waehlen-ihren-metzger-selber\/#breadcrumb"},"inLanguage":"de-CH","potentialAction":[{"@type":"ReadAction","target":["https:\/\/www.cosmosverlag.ch\/belletristik\/produkt\/nur-die-allergroessten-kaelber-waehlen-ihren-metzger-selber\/"]}]},{"@type":"ImageObject","inLanguage":"de-CH","@id":"https:\/\/www.cosmosverlag.ch\/belletristik\/produkt\/nur-die-allergroessten-kaelber-waehlen-ihren-metzger-selber\/#primaryimage","url":"https:\/\/www.cosmosverlag.ch\/belletristik\/wp-content\/uploads\/sites\/3\/2020\/12\/Nur-die-allergroessten-Kaelber.jpg","contentUrl":"https:\/\/www.cosmosverlag.ch\/belletristik\/wp-content\/uploads\/sites\/3\/2020\/12\/Nur-die-allergroessten-Kaelber.jpg","width":1535,"height":2362},{"@type":"BreadcrumbList","@id":"https:\/\/www.cosmosverlag.ch\/belletristik\/produkt\/nur-die-allergroessten-kaelber-waehlen-ihren-metzger-selber\/#breadcrumb","itemListElement":[{"@type":"ListItem","position":1,"name":"Startseite","item":"https:\/\/www.cosmosverlag.ch\/belletristik\/"},{"@type":"ListItem","position":2,"name":"Alle Produkte","item":"https:\/\/www.cosmosverlag.ch\/belletristik\/produkte\/"},{"@type":"ListItem","position":3,"name":"Nur die allergr\u00f6ssten K\u00e4lber w\u00e4hlen ihren Metzger selber"}]},{"@type":"WebSite","@id":"https:\/\/www.cosmosverlag.ch\/belletristik\/#website","url":"https:\/\/www.cosmosverlag.ch\/belletristik\/","name":"Cosmos Verlag - Belletristik","description":"Literatur, Krimis, Mundart, Sachbuch","publisher":{"@id":"https:\/\/www.cosmosverlag.ch\/belletristik\/#organization"},"potentialAction":[{"@type":"SearchAction","target":{"@type":"EntryPoint","urlTemplate":"https:\/\/www.cosmosverlag.ch\/belletristik\/?s={search_term_string}"},"query-input":{"@type":"PropertyValueSpecification","valueRequired":true,"valueName":"search_term_string"}}],"inLanguage":"de-CH"},{"@type":"Organization","@id":"https:\/\/www.cosmosverlag.ch\/belletristik\/#organization","name":"Cosmos Verlag - Belletristik","url":"https:\/\/www.cosmosverlag.ch\/belletristik\/","logo":{"@type":"ImageObject","inLanguage":"de-CH","@id":"https:\/\/www.cosmosverlag.ch\/belletristik\/#\/schema\/logo\/image\/","url":"https:\/\/www.cosmosverlag.ch\/belletristik\/wp-content\/uploads\/sites\/3\/2020\/07\/cosmos_c-strich_h_negativ_bunt.svg","contentUrl":"https:\/\/www.cosmosverlag.ch\/belletristik\/wp-content\/uploads\/sites\/3\/2020\/07\/cosmos_c-strich_h_negativ_bunt.svg","width":191,"height":44,"caption":"Cosmos Verlag - Belletristik"},"image":{"@id":"https:\/\/www.cosmosverlag.ch\/belletristik\/#\/schema\/logo\/image\/"}}]}},"_links":{"self":[{"href":"https:\/\/www.cosmosverlag.ch\/belletristik\/wp-json\/wp\/v2\/product\/768","targetHints":{"allow":["GET"]}}],"collection":[{"href":"https:\/\/www.cosmosverlag.ch\/belletristik\/wp-json\/wp\/v2\/product"}],"about":[{"href":"https:\/\/www.cosmosverlag.ch\/belletristik\/wp-json\/wp\/v2\/types\/product"}],"wp:featuredmedia":[{"embeddable":true,"href":"https:\/\/www.cosmosverlag.ch\/belletristik\/wp-json\/wp\/v2\/media\/769"}],"wp:attachment":[{"href":"https:\/\/www.cosmosverlag.ch\/belletristik\/wp-json\/wp\/v2\/media?parent=768"}],"wp:term":[{"taxonomy":"product_brand","embeddable":true,"href":"https:\/\/www.cosmosverlag.ch\/belletristik\/wp-json\/wp\/v2\/product_brand?post=768"},{"taxonomy":"product_cat","embeddable":true,"href":"https:\/\/www.cosmosverlag.ch\/belletristik\/wp-json\/wp\/v2\/product_cat?post=768"},{"taxonomy":"product_tag","embeddable":true,"href":"https:\/\/www.cosmosverlag.ch\/belletristik\/wp-json\/wp\/v2\/product_tag?post=768"}],"curies":[{"name":"wp","href":"https:\/\/api.w.org\/{rel}","templated":true}]}}