{"id":2458,"date":"2022-07-14T11:14:37","date_gmt":"2022-07-14T09:14:37","guid":{"rendered":"https:\/\/www.cosmosverlag.ch\/fachmedien\/?post_type=product&#038;p=2458"},"modified":"2022-10-18T16:06:16","modified_gmt":"2022-10-18T14:06:16","slug":"verrechnungspreisrecht-der-schweiz","status":"publish","type":"product","link":"https:\/\/www.cosmosverlag.ch\/fachmedien\/produkt\/verrechnungspreisrecht-der-schweiz\/","title":{"rendered":"Verrechnungspreisrecht der Schweiz"},"content":{"rendered":"<p>Steuerbeh&ouml;rden und -gerichte, Berater, Unternehmen und Wissenschaft in der Schweiz &ndash; sie alle haben, wenn es um Steuern geht, immer &ouml;fter auch mit verrechnungspreislichen Fragestellungen zu tun. Das Schweizer Steuerrecht enth&auml;lt im Gegensatz zu vielen ausl&auml;ndischen Gesetzgebungen allerdings kaum ausdr&uuml;cklich normiertes Verrechnungspreisrecht. Dieses Werk vermittelt erstmals eine steuerart&uuml;bergreifende, systematische Darstellung der Thematik und schliesst damit eine L&uuml;cke. Es arbeitet die Grundlagen unter Ber&uuml;cksichtigung von Lehre und Rechtsprechung auf und gibt praxisbezogene Hinweise, um Verrechnungspreise f&uuml;r wichtige Transaktionsarten zu ermitteln. Ausserdem werden die Verrechnungspreismodelle ausgew&auml;hlter Branchen der Schweizer Wirtschaft illustriert.<\/p>\n","protected":false},"excerpt":{"rendered":"<p>Das Werk vermittelt eine steuerart\u00fcbergreifende systematische Darstellung der Thematik Verrechnungspreise in der Schweiz. Es enth\u00e4lt praxisbezogene Hinweise zur Ermittlung von Verrechnungspreisen f\u00fcr verschieden Transaktionsarten.<\/p>\n","protected":false},"featured_media":2459,"template":"","meta":{"_acf_changed":false},"product_brand":[],"product_cat":[24,25],"product_tag":[],"class_list":{"0":"post-2458","1":"product","2":"type-product","3":"status-publish","4":"has-post-thumbnail","6":"product_cat-steuern","7":"product_cat-wirtschaft","9":"first","10":"instock","11":"taxable","12":"shipping-taxable","13":"purchasable","14":"product-type-simple"},"acf":[],"yoast_head":"<!-- This site is optimized with the Yoast SEO plugin v27.4 - https:\/\/yoast.com\/product\/yoast-seo-wordpress\/ -->\n<title>Verrechnungspreisrecht der Schweiz - Cosmos Verlag - Fachmedien &amp; Bildung<\/title>\n<meta name=\"robots\" content=\"index, follow, max-snippet:-1, max-image-preview:large, max-video-preview:-1\" \/>\n<link rel=\"canonical\" href=\"https:\/\/www.cosmosverlag.ch\/fachmedien\/produkt\/verrechnungspreisrecht-der-schweiz\/\" \/>\n<meta property=\"og:locale\" content=\"de_DE\" \/>\n<meta property=\"og:type\" content=\"article\" \/>\n<meta property=\"og:title\" content=\"Verrechnungspreisrecht der Schweiz - Cosmos Verlag - Fachmedien &amp; Bildung\" \/>\n<meta property=\"og:description\" content=\"Das Werk vermittelt eine steuerart\u00fcbergreifende systematische Darstellung der Thematik Verrechnungspreise in der Schweiz. Es enth\u00e4lt praxisbezogene Hinweise zur Ermittlung von Verrechnungspreisen f\u00fcr verschieden Transaktionsarten.\" \/>\n<meta property=\"og:url\" content=\"https:\/\/www.cosmosverlag.ch\/fachmedien\/produkt\/verrechnungspreisrecht-der-schweiz\/\" \/>\n<meta property=\"og:site_name\" content=\"Cosmos Verlag - Fachmedien &amp; Bildung\" \/>\n<meta property=\"article:modified_time\" content=\"2022-10-18T14:06:16+00:00\" \/>\n<meta property=\"og:image\" content=\"https:\/\/www.cosmosverlag.ch\/fachmedien\/wp-content\/uploads\/sites\/2\/2021\/10\/Harbeke-Hug-Scherrer_Verrechnungspreisrecht_337-5.png\" \/>\n\t<meta property=\"og:image:width\" content=\"1391\" \/>\n\t<meta property=\"og:image:height\" content=\"2000\" \/>\n\t<meta property=\"og:image:type\" content=\"image\/png\" \/>\n<meta name=\"twitter:card\" content=\"summary_large_image\" \/>\n<meta name=\"twitter:site\" content=\"@cosmosverlag\" \/>\n<meta name=\"twitter:label1\" content=\"Gesch\u00e4tzte Lesezeit\" \/>\n\t<meta name=\"twitter:data1\" content=\"1\u00a0Minute\" \/>\n<script type=\"application\/ld+json\" class=\"yoast-schema-graph\">{\"@context\":\"https:\\\/\\\/schema.org\",\"@graph\":[{\"@type\":\"WebPage\",\"@id\":\"https:\\\/\\\/www.cosmosverlag.ch\\\/fachmedien\\\/produkt\\\/verrechnungspreisrecht-der-schweiz\\\/\",\"url\":\"https:\\\/\\\/www.cosmosverlag.ch\\\/fachmedien\\\/produkt\\\/verrechnungspreisrecht-der-schweiz\\\/\",\"name\":\"Verrechnungspreisrecht der Schweiz - Cosmos Verlag - Fachmedien &amp; Bildung\",\"isPartOf\":{\"@id\":\"https:\\\/\\\/www.cosmosverlag.ch\\\/fachmedien\\\/#website\"},\"primaryImageOfPage\":{\"@id\":\"https:\\\/\\\/www.cosmosverlag.ch\\\/fachmedien\\\/produkt\\\/verrechnungspreisrecht-der-schweiz\\\/#primaryimage\"},\"image\":{\"@id\":\"https:\\\/\\\/www.cosmosverlag.ch\\\/fachmedien\\\/produkt\\\/verrechnungspreisrecht-der-schweiz\\\/#primaryimage\"},\"thumbnailUrl\":\"https:\\\/\\\/www.cosmosverlag.ch\\\/fachmedien\\\/wp-content\\\/uploads\\\/sites\\\/2\\\/2021\\\/10\\\/Harbeke-Hug-Scherrer_Verrechnungspreisrecht_337-5.png\",\"datePublished\":\"2022-07-14T09:14:37+00:00\",\"dateModified\":\"2022-10-18T14:06:16+00:00\",\"breadcrumb\":{\"@id\":\"https:\\\/\\\/www.cosmosverlag.ch\\\/fachmedien\\\/produkt\\\/verrechnungspreisrecht-der-schweiz\\\/#breadcrumb\"},\"inLanguage\":\"de-CH\",\"potentialAction\":[{\"@type\":\"ReadAction\",\"target\":[\"https:\\\/\\\/www.cosmosverlag.ch\\\/fachmedien\\\/produkt\\\/verrechnungspreisrecht-der-schweiz\\\/\"]}]},{\"@type\":\"ImageObject\",\"inLanguage\":\"de-CH\",\"@id\":\"https:\\\/\\\/www.cosmosverlag.ch\\\/fachmedien\\\/produkt\\\/verrechnungspreisrecht-der-schweiz\\\/#primaryimage\",\"url\":\"https:\\\/\\\/www.cosmosverlag.ch\\\/fachmedien\\\/wp-content\\\/uploads\\\/sites\\\/2\\\/2021\\\/10\\\/Harbeke-Hug-Scherrer_Verrechnungspreisrecht_337-5.png\",\"contentUrl\":\"https:\\\/\\\/www.cosmosverlag.ch\\\/fachmedien\\\/wp-content\\\/uploads\\\/sites\\\/2\\\/2021\\\/10\\\/Harbeke-Hug-Scherrer_Verrechnungspreisrecht_337-5.png\",\"width\":1391,\"height\":2000},{\"@type\":\"BreadcrumbList\",\"@id\":\"https:\\\/\\\/www.cosmosverlag.ch\\\/fachmedien\\\/produkt\\\/verrechnungspreisrecht-der-schweiz\\\/#breadcrumb\",\"itemListElement\":[{\"@type\":\"ListItem\",\"position\":1,\"name\":\"Startseite\",\"item\":\"https:\\\/\\\/www.cosmosverlag.ch\\\/fachmedien\\\/\"},{\"@type\":\"ListItem\",\"position\":2,\"name\":\"Alle Produkte\",\"item\":\"https:\\\/\\\/www.cosmosverlag.ch\\\/fachmedien\\\/produkte\\\/\"},{\"@type\":\"ListItem\",\"position\":3,\"name\":\"Verrechnungspreisrecht der Schweiz\"}]},{\"@type\":\"WebSite\",\"@id\":\"https:\\\/\\\/www.cosmosverlag.ch\\\/fachmedien\\\/#website\",\"url\":\"https:\\\/\\\/www.cosmosverlag.ch\\\/fachmedien\\\/\",\"name\":\"Cosmos Verlag - Fachmedien &amp; Bildung\",\"description\":\"Steuern, Recht und Wirtschaft\",\"publisher\":{\"@id\":\"https:\\\/\\\/www.cosmosverlag.ch\\\/fachmedien\\\/#organization\"},\"potentialAction\":[{\"@type\":\"SearchAction\",\"target\":{\"@type\":\"EntryPoint\",\"urlTemplate\":\"https:\\\/\\\/www.cosmosverlag.ch\\\/fachmedien\\\/?s={search_term_string}\"},\"query-input\":{\"@type\":\"PropertyValueSpecification\",\"valueRequired\":true,\"valueName\":\"search_term_string\"}}],\"inLanguage\":\"de-CH\"},{\"@type\":\"Organization\",\"@id\":\"https:\\\/\\\/www.cosmosverlag.ch\\\/fachmedien\\\/#organization\",\"name\":\"Cosmos Verlag\",\"url\":\"https:\\\/\\\/www.cosmosverlag.ch\\\/fachmedien\\\/\",\"logo\":{\"@type\":\"ImageObject\",\"inLanguage\":\"de-CH\",\"@id\":\"https:\\\/\\\/www.cosmosverlag.ch\\\/fachmedien\\\/#\\\/schema\\\/logo\\\/image\\\/\",\"url\":\"\",\"contentUrl\":\"\",\"caption\":\"Cosmos Verlag\"},\"image\":{\"@id\":\"https:\\\/\\\/www.cosmosverlag.ch\\\/fachmedien\\\/#\\\/schema\\\/logo\\\/image\\\/\"},\"sameAs\":[\"https:\\\/\\\/x.com\\\/cosmosverlag\",\"https:\\\/\\\/www.linkedin.com\\\/company\\\/cosmos-verlag-ag\",\"https:\\\/\\\/de.wikipedia.org\\\/wiki\\\/Cosmos-Verlag\"]}]}<\/script>\n<!-- \/ Yoast SEO plugin. -->","yoast_head_json":{"title":"Verrechnungspreisrecht der Schweiz - Cosmos Verlag - Fachmedien &amp; Bildung","robots":{"index":"index","follow":"follow","max-snippet":"max-snippet:-1","max-image-preview":"max-image-preview:large","max-video-preview":"max-video-preview:-1"},"canonical":"https:\/\/www.cosmosverlag.ch\/fachmedien\/produkt\/verrechnungspreisrecht-der-schweiz\/","og_locale":"de_DE","og_type":"article","og_title":"Verrechnungspreisrecht der Schweiz - Cosmos Verlag - Fachmedien &amp; Bildung","og_description":"Das Werk vermittelt eine steuerart\u00fcbergreifende systematische Darstellung der Thematik Verrechnungspreise in der Schweiz. Es enth\u00e4lt praxisbezogene Hinweise zur Ermittlung von Verrechnungspreisen f\u00fcr verschieden Transaktionsarten.","og_url":"https:\/\/www.cosmosverlag.ch\/fachmedien\/produkt\/verrechnungspreisrecht-der-schweiz\/","og_site_name":"Cosmos Verlag - Fachmedien &amp; Bildung","article_modified_time":"2022-10-18T14:06:16+00:00","og_image":[{"width":1391,"height":2000,"url":"https:\/\/www.cosmosverlag.ch\/fachmedien\/wp-content\/uploads\/sites\/2\/2021\/10\/Harbeke-Hug-Scherrer_Verrechnungspreisrecht_337-5.png","type":"image\/png"}],"twitter_card":"summary_large_image","twitter_site":"@cosmosverlag","twitter_misc":{"Gesch\u00e4tzte Lesezeit":"1\u00a0Minute"},"schema":{"@context":"https:\/\/schema.org","@graph":[{"@type":"WebPage","@id":"https:\/\/www.cosmosverlag.ch\/fachmedien\/produkt\/verrechnungspreisrecht-der-schweiz\/","url":"https:\/\/www.cosmosverlag.ch\/fachmedien\/produkt\/verrechnungspreisrecht-der-schweiz\/","name":"Verrechnungspreisrecht der Schweiz - Cosmos Verlag - Fachmedien &amp; Bildung","isPartOf":{"@id":"https:\/\/www.cosmosverlag.ch\/fachmedien\/#website"},"primaryImageOfPage":{"@id":"https:\/\/www.cosmosverlag.ch\/fachmedien\/produkt\/verrechnungspreisrecht-der-schweiz\/#primaryimage"},"image":{"@id":"https:\/\/www.cosmosverlag.ch\/fachmedien\/produkt\/verrechnungspreisrecht-der-schweiz\/#primaryimage"},"thumbnailUrl":"https:\/\/www.cosmosverlag.ch\/fachmedien\/wp-content\/uploads\/sites\/2\/2021\/10\/Harbeke-Hug-Scherrer_Verrechnungspreisrecht_337-5.png","datePublished":"2022-07-14T09:14:37+00:00","dateModified":"2022-10-18T14:06:16+00:00","breadcrumb":{"@id":"https:\/\/www.cosmosverlag.ch\/fachmedien\/produkt\/verrechnungspreisrecht-der-schweiz\/#breadcrumb"},"inLanguage":"de-CH","potentialAction":[{"@type":"ReadAction","target":["https:\/\/www.cosmosverlag.ch\/fachmedien\/produkt\/verrechnungspreisrecht-der-schweiz\/"]}]},{"@type":"ImageObject","inLanguage":"de-CH","@id":"https:\/\/www.cosmosverlag.ch\/fachmedien\/produkt\/verrechnungspreisrecht-der-schweiz\/#primaryimage","url":"https:\/\/www.cosmosverlag.ch\/fachmedien\/wp-content\/uploads\/sites\/2\/2021\/10\/Harbeke-Hug-Scherrer_Verrechnungspreisrecht_337-5.png","contentUrl":"https:\/\/www.cosmosverlag.ch\/fachmedien\/wp-content\/uploads\/sites\/2\/2021\/10\/Harbeke-Hug-Scherrer_Verrechnungspreisrecht_337-5.png","width":1391,"height":2000},{"@type":"BreadcrumbList","@id":"https:\/\/www.cosmosverlag.ch\/fachmedien\/produkt\/verrechnungspreisrecht-der-schweiz\/#breadcrumb","itemListElement":[{"@type":"ListItem","position":1,"name":"Startseite","item":"https:\/\/www.cosmosverlag.ch\/fachmedien\/"},{"@type":"ListItem","position":2,"name":"Alle Produkte","item":"https:\/\/www.cosmosverlag.ch\/fachmedien\/produkte\/"},{"@type":"ListItem","position":3,"name":"Verrechnungspreisrecht der Schweiz"}]},{"@type":"WebSite","@id":"https:\/\/www.cosmosverlag.ch\/fachmedien\/#website","url":"https:\/\/www.cosmosverlag.ch\/fachmedien\/","name":"Cosmos Verlag - Fachmedien &amp; Bildung","description":"Steuern, Recht und Wirtschaft","publisher":{"@id":"https:\/\/www.cosmosverlag.ch\/fachmedien\/#organization"},"potentialAction":[{"@type":"SearchAction","target":{"@type":"EntryPoint","urlTemplate":"https:\/\/www.cosmosverlag.ch\/fachmedien\/?s={search_term_string}"},"query-input":{"@type":"PropertyValueSpecification","valueRequired":true,"valueName":"search_term_string"}}],"inLanguage":"de-CH"},{"@type":"Organization","@id":"https:\/\/www.cosmosverlag.ch\/fachmedien\/#organization","name":"Cosmos Verlag","url":"https:\/\/www.cosmosverlag.ch\/fachmedien\/","logo":{"@type":"ImageObject","inLanguage":"de-CH","@id":"https:\/\/www.cosmosverlag.ch\/fachmedien\/#\/schema\/logo\/image\/","url":"","contentUrl":"","caption":"Cosmos Verlag"},"image":{"@id":"https:\/\/www.cosmosverlag.ch\/fachmedien\/#\/schema\/logo\/image\/"},"sameAs":["https:\/\/x.com\/cosmosverlag","https:\/\/www.linkedin.com\/company\/cosmos-verlag-ag","https:\/\/de.wikipedia.org\/wiki\/Cosmos-Verlag"]}]}},"_links":{"self":[{"href":"https:\/\/www.cosmosverlag.ch\/fachmedien\/wp-json\/wp\/v2\/product\/2458","targetHints":{"allow":["GET"]}}],"collection":[{"href":"https:\/\/www.cosmosverlag.ch\/fachmedien\/wp-json\/wp\/v2\/product"}],"about":[{"href":"https:\/\/www.cosmosverlag.ch\/fachmedien\/wp-json\/wp\/v2\/types\/product"}],"wp:featuredmedia":[{"embeddable":true,"href":"https:\/\/www.cosmosverlag.ch\/fachmedien\/wp-json\/wp\/v2\/media\/2459"}],"wp:attachment":[{"href":"https:\/\/www.cosmosverlag.ch\/fachmedien\/wp-json\/wp\/v2\/media?parent=2458"}],"wp:term":[{"taxonomy":"product_brand","embeddable":true,"href":"https:\/\/www.cosmosverlag.ch\/fachmedien\/wp-json\/wp\/v2\/product_brand?post=2458"},{"taxonomy":"product_cat","embeddable":true,"href":"https:\/\/www.cosmosverlag.ch\/fachmedien\/wp-json\/wp\/v2\/product_cat?post=2458"},{"taxonomy":"product_tag","embeddable":true,"href":"https:\/\/www.cosmosverlag.ch\/fachmedien\/wp-json\/wp\/v2\/product_tag?post=2458"}],"curies":[{"name":"wp","href":"https:\/\/api.w.org\/{rel}","templated":true}]}}